{"id":269,"date":"2025-12-17T14:29:55","date_gmt":"2025-12-17T14:29:55","guid":{"rendered":"https:\/\/srcauseni.md\/?page_id=269"},"modified":"2025-12-31T11:00:19","modified_gmt":"2025-12-31T11:00:19","slug":"sectie-reabilitare-inclusiv-gereatrie-si-ingrijiri-paliative","status":"publish","type":"page","link":"https:\/\/srcauseni.md\/?page_id=269","title":{"rendered":"Sec\u021bie Reabilitare inclusiv gereatrie \u0219i \u00eengrijiri  paliative"},"content":{"rendered":"<p>\u0218ef sec\u021bie\u00a0 \u00a0 \u00a0 \u00a0 \u00a0 \u00a0 \u00a0 \u00a0 \u00a0 \u00a0 \u00a0 \u00a0 \u00a0 \u00a0 \u00a0 \u00a0 \u00a0 \u00a0Zatic Alexandru\u00a0 \u00a0 \u00a0 \u00a0 \u00a0 \u00a0mobil: 060001416<\/p>\n<p>Asistent\u0103 superioar\u0103\u00a0 \u00a0 \u00a0 \u00a0 \u00a0 \u00a0 \u00a0 \u00a0Zop Aurelia\u00a0 \u00a0 \u00a0 \u00a0 \u00a0 \u00a0 \u00a0 \u00a0 \u00a0 mobil: 060001378<\/p>\n","protected":false},"excerpt":{"rendered":"<p>\u0218ef sec\u021bie\u00a0 \u00a0 \u00a0 \u00a0 \u00a0 \u00a0 \u00a0 \u00a0 \u00a0 \u00a0 \u00a0 \u00a0 \u00a0 \u00a0 \u00a0 \u00a0 \u00a0 \u00a0Zatic Alexandru\u00a0 [&hellip;]<\/p>\n","protected":false},"author":1,"featured_media":0,"parent":0,"menu_order":0,"comment_status":"closed","ping_status":"closed","template":"","meta":{"site-sidebar-layout":"default","site-content-layout":"","ast-site-content-layout":"default","site-content-style":"default","site-sidebar-style":"default","ast-global-header-display":"","ast-banner-title-visibility":"","ast-main-header-display":"","ast-hfb-above-header-display":"","ast-hfb-below-header-display":"","ast-hfb-mobile-header-display":"","site-post-title":"","ast-breadcrumbs-content":"","ast-featured-img":"","footer-sml-layout":"","ast-disable-related-posts":"","theme-transparent-header-meta":"default","adv-header-id-meta":"","stick-header-meta":"","header-above-stick-meta":"","header-main-stick-meta":"","header-below-stick-meta":"","astra-migrate-meta-layouts":"set","ast-page-background-enabled":"default","ast-page-background-meta":{"desktop":{"background-color":"var(--ast-global-color-5)","background-image":"","background-repeat":"repeat","background-position":"center center","background-size":"auto","background-attachment":"scroll","background-type":"","background-media":"","overlay-type":"","overlay-color":"","overlay-opacity":"","overlay-gradient":""},"tablet":{"background-color":"","background-image":"","background-repeat":"repeat","background-position":"center center","background-size":"auto","background-attachment":"scroll","background-type":"","background-media":"","overlay-type":"","overlay-color":"","overlay-opacity":"","overlay-gradient":""},"mobile":{"background-color":"","background-image":"","background-repeat":"repeat","background-position":"center center","background-size":"auto","background-attachment":"scroll","background-type":"","background-media":"","overlay-type":"","overlay-color":"","overlay-opacity":"","overlay-gradient":""}},"ast-content-background-meta":{"desktop":{"background-color":"var(--ast-global-color-4)","background-image":"","background-repeat":"repeat","background-position":"center center","background-size":"auto","background-attachment":"scroll","background-type":"","background-media":"","overlay-type":"","overlay-color":"","overlay-opacity":"","overlay-gradient":""},"tablet":{"background-color":"var(--ast-global-color-4)","background-image":"","background-repeat":"repeat","background-position":"center center","background-size":"auto","background-attachment":"scroll","background-type":"","background-media":"","overlay-type":"","overlay-color":"","overlay-opacity":"","overlay-gradient":""},"mobile":{"background-color":"var(--ast-global-color-4)","background-image":"","background-repeat":"repeat","background-position":"center center","background-size":"auto","background-attachment":"scroll","background-type":"","background-media":"","overlay-type":"","overlay-color":"","overlay-opacity":"","overlay-gradient":""}},"iawp_total_views":36,"footnotes":""},"class_list":["post-269","page","type-page","status-publish","hentry"],"yoast_head":"<!-- This site is optimized with the Yoast SEO plugin v27.4 - https:\/\/yoast.com\/product\/yoast-seo-wordpress\/ -->\n<title>Sec\u021bie Reabilitare inclusiv gereatrie \u0219i \u00eengrijiri paliative - IMSP SR C\u0103u\u0219eni<\/title>\n<meta name=\"robots\" content=\"index, follow, max-snippet:-1, max-image-preview:large, max-video-preview:-1\" \/>\n<link rel=\"canonical\" href=\"https:\/\/srcauseni.md\/?page_id=269\" \/>\n<meta property=\"og:locale\" content=\"ro_RO\" \/>\n<meta property=\"og:type\" content=\"article\" \/>\n<meta property=\"og:title\" content=\"Sec\u021bie Reabilitare inclusiv gereatrie \u0219i \u00eengrijiri paliative - IMSP SR C\u0103u\u0219eni\" \/>\n<meta property=\"og:description\" content=\"\u0218ef sec\u021bie\u00a0 \u00a0 \u00a0 \u00a0 \u00a0 \u00a0 \u00a0 \u00a0 \u00a0 \u00a0 \u00a0 \u00a0 \u00a0 \u00a0 \u00a0 \u00a0 \u00a0 \u00a0Zatic Alexandru\u00a0 [&hellip;]\" \/>\n<meta property=\"og:url\" content=\"https:\/\/srcauseni.md\/?page_id=269\" \/>\n<meta property=\"og:site_name\" content=\"IMSP SR C\u0103u\u0219eni\" \/>\n<meta property=\"article:modified_time\" content=\"2025-12-31T11:00:19+00:00\" \/>\n<meta name=\"twitter:card\" content=\"summary_large_image\" \/>\n<meta name=\"twitter:label1\" content=\"Timp estimat pentru citire\" \/>\n\t<meta name=\"twitter:data1\" content=\"1 minut\" \/>\n<script type=\"application\/ld+json\" class=\"yoast-schema-graph\">{\"@context\":\"https:\\\/\\\/schema.org\",\"@graph\":[{\"@type\":\"WebPage\",\"@id\":\"https:\\\/\\\/srcauseni.md\\\/?page_id=269\",\"url\":\"https:\\\/\\\/srcauseni.md\\\/?page_id=269\",\"name\":\"Sec\u021bie Reabilitare inclusiv gereatrie \u0219i \u00eengrijiri paliative - IMSP SR C\u0103u\u0219eni\",\"isPartOf\":{\"@id\":\"https:\\\/\\\/srcauseni.md\\\/#website\"},\"datePublished\":\"2025-12-17T14:29:55+00:00\",\"dateModified\":\"2025-12-31T11:00:19+00:00\",\"breadcrumb\":{\"@id\":\"https:\\\/\\\/srcauseni.md\\\/?page_id=269#breadcrumb\"},\"inLanguage\":\"ro-RO\",\"potentialAction\":[{\"@type\":\"ReadAction\",\"target\":[\"https:\\\/\\\/srcauseni.md\\\/?page_id=269\"]}]},{\"@type\":\"BreadcrumbList\",\"@id\":\"https:\\\/\\\/srcauseni.md\\\/?page_id=269#breadcrumb\",\"itemListElement\":[{\"@type\":\"ListItem\",\"position\":1,\"name\":\"Prima pagin\u0103\",\"item\":\"https:\\\/\\\/srcauseni.md\\\/\"},{\"@type\":\"ListItem\",\"position\":2,\"name\":\"Sec\u021bie Reabilitare inclusiv gereatrie \u0219i \u00eengrijiri paliative\"}]},{\"@type\":\"WebSite\",\"@id\":\"https:\\\/\\\/srcauseni.md\\\/#website\",\"url\":\"https:\\\/\\\/srcauseni.md\\\/\",\"name\":\"IMSP SR Causeni\",\"description\":\"\u00cengrijire medical\u0103 responsabil\u0103 \u0219i modern\u0103\",\"publisher\":{\"@id\":\"https:\\\/\\\/srcauseni.md\\\/#organization\"},\"potentialAction\":[{\"@type\":\"SearchAction\",\"target\":{\"@type\":\"EntryPoint\",\"urlTemplate\":\"https:\\\/\\\/srcauseni.md\\\/?s={search_term_string}\"},\"query-input\":{\"@type\":\"PropertyValueSpecification\",\"valueRequired\":true,\"valueName\":\"search_term_string\"}}],\"inLanguage\":\"ro-RO\"},{\"@type\":\"Organization\",\"@id\":\"https:\\\/\\\/srcauseni.md\\\/#organization\",\"name\":\"IMSP SR Causeni\",\"url\":\"https:\\\/\\\/srcauseni.md\\\/\",\"logo\":{\"@type\":\"ImageObject\",\"inLanguage\":\"ro-RO\",\"@id\":\"https:\\\/\\\/srcauseni.md\\\/#\\\/schema\\\/logo\\\/image\\\/\",\"url\":\"https:\\\/\\\/srcauseni.md\\\/wp-content\\\/uploads\\\/2025\\\/12\\\/logou-sr-causeni.jpg\",\"contentUrl\":\"https:\\\/\\\/srcauseni.md\\\/wp-content\\\/uploads\\\/2025\\\/12\\\/logou-sr-causeni.jpg\",\"width\":529,\"height\":528,\"caption\":\"IMSP SR Causeni\"},\"image\":{\"@id\":\"https:\\\/\\\/srcauseni.md\\\/#\\\/schema\\\/logo\\\/image\\\/\"}}]}<\/script>\n<!-- \/ Yoast SEO plugin. -->","yoast_head_json":{"title":"Sec\u021bie Reabilitare inclusiv gereatrie \u0219i \u00eengrijiri paliative - IMSP SR C\u0103u\u0219eni","robots":{"index":"index","follow":"follow","max-snippet":"max-snippet:-1","max-image-preview":"max-image-preview:large","max-video-preview":"max-video-preview:-1"},"canonical":"https:\/\/srcauseni.md\/?page_id=269","og_locale":"ro_RO","og_type":"article","og_title":"Sec\u021bie Reabilitare inclusiv gereatrie \u0219i \u00eengrijiri paliative - IMSP SR C\u0103u\u0219eni","og_description":"\u0218ef sec\u021bie\u00a0 \u00a0 \u00a0 \u00a0 \u00a0 \u00a0 \u00a0 \u00a0 \u00a0 \u00a0 \u00a0 \u00a0 \u00a0 \u00a0 \u00a0 \u00a0 \u00a0 \u00a0Zatic Alexandru\u00a0 [&hellip;]","og_url":"https:\/\/srcauseni.md\/?page_id=269","og_site_name":"IMSP SR C\u0103u\u0219eni","article_modified_time":"2025-12-31T11:00:19+00:00","twitter_card":"summary_large_image","twitter_misc":{"Timp estimat pentru citire":"1 minut"},"schema":{"@context":"https:\/\/schema.org","@graph":[{"@type":"WebPage","@id":"https:\/\/srcauseni.md\/?page_id=269","url":"https:\/\/srcauseni.md\/?page_id=269","name":"Sec\u021bie Reabilitare inclusiv gereatrie \u0219i \u00eengrijiri paliative - IMSP SR C\u0103u\u0219eni","isPartOf":{"@id":"https:\/\/srcauseni.md\/#website"},"datePublished":"2025-12-17T14:29:55+00:00","dateModified":"2025-12-31T11:00:19+00:00","breadcrumb":{"@id":"https:\/\/srcauseni.md\/?page_id=269#breadcrumb"},"inLanguage":"ro-RO","potentialAction":[{"@type":"ReadAction","target":["https:\/\/srcauseni.md\/?page_id=269"]}]},{"@type":"BreadcrumbList","@id":"https:\/\/srcauseni.md\/?page_id=269#breadcrumb","itemListElement":[{"@type":"ListItem","position":1,"name":"Prima pagin\u0103","item":"https:\/\/srcauseni.md\/"},{"@type":"ListItem","position":2,"name":"Sec\u021bie Reabilitare inclusiv gereatrie \u0219i \u00eengrijiri paliative"}]},{"@type":"WebSite","@id":"https:\/\/srcauseni.md\/#website","url":"https:\/\/srcauseni.md\/","name":"IMSP SR Causeni","description":"\u00cengrijire medical\u0103 responsabil\u0103 \u0219i modern\u0103","publisher":{"@id":"https:\/\/srcauseni.md\/#organization"},"potentialAction":[{"@type":"SearchAction","target":{"@type":"EntryPoint","urlTemplate":"https:\/\/srcauseni.md\/?s={search_term_string}"},"query-input":{"@type":"PropertyValueSpecification","valueRequired":true,"valueName":"search_term_string"}}],"inLanguage":"ro-RO"},{"@type":"Organization","@id":"https:\/\/srcauseni.md\/#organization","name":"IMSP SR Causeni","url":"https:\/\/srcauseni.md\/","logo":{"@type":"ImageObject","inLanguage":"ro-RO","@id":"https:\/\/srcauseni.md\/#\/schema\/logo\/image\/","url":"https:\/\/srcauseni.md\/wp-content\/uploads\/2025\/12\/logou-sr-causeni.jpg","contentUrl":"https:\/\/srcauseni.md\/wp-content\/uploads\/2025\/12\/logou-sr-causeni.jpg","width":529,"height":528,"caption":"IMSP SR Causeni"},"image":{"@id":"https:\/\/srcauseni.md\/#\/schema\/logo\/image\/"}}]}},"_links":{"self":[{"href":"https:\/\/srcauseni.md\/index.php?rest_route=\/wp\/v2\/pages\/269","targetHints":{"allow":["GET"]}}],"collection":[{"href":"https:\/\/srcauseni.md\/index.php?rest_route=\/wp\/v2\/pages"}],"about":[{"href":"https:\/\/srcauseni.md\/index.php?rest_route=\/wp\/v2\/types\/page"}],"author":[{"embeddable":true,"href":"https:\/\/srcauseni.md\/index.php?rest_route=\/wp\/v2\/users\/1"}],"replies":[{"embeddable":true,"href":"https:\/\/srcauseni.md\/index.php?rest_route=%2Fwp%2Fv2%2Fcomments&post=269"}],"version-history":[{"count":3,"href":"https:\/\/srcauseni.md\/index.php?rest_route=\/wp\/v2\/pages\/269\/revisions"}],"predecessor-version":[{"id":427,"href":"https:\/\/srcauseni.md\/index.php?rest_route=\/wp\/v2\/pages\/269\/revisions\/427"}],"wp:attachment":[{"href":"https:\/\/srcauseni.md\/index.php?rest_route=%2Fwp%2Fv2%2Fmedia&parent=269"}],"curies":[{"name":"wp","href":"https:\/\/api.w.org\/{rel}","templated":true}]}}