{"id":38,"date":"2025-12-16T15:15:43","date_gmt":"2025-12-16T15:15:43","guid":{"rendered":"https:\/\/srcauseni.md\/?page_id=38"},"modified":"2025-12-18T10:31:51","modified_gmt":"2025-12-18T10:31:51","slug":"misiune-si-valori","status":"publish","type":"page","link":"https:\/\/srcauseni.md\/?page_id=38","title":{"rendered":"Misiune \u0219i valori"},"content":{"rendered":"\r\n<p class=\"has-text-align-center\"><mark class=\"has-inline-color has-ast-global-color-1-color\"><strong>Spitalul Raional C\u0103u\u0219eni \u201eAna \u0219i Alexandru\u201d \u2013 \u00eengrijire medical\u0103 responsabil\u0103 \u0219i modern\u0103 pentru s\u0103n\u0103tatea comunit\u0103\u021bii.<\/strong><\/mark><\/p>\r\n<p data-start=\"154\" data-end=\"583\"><strong data-start=\"154\" data-end=\"172\">Echipa noastr\u0103<\/strong><br data-start=\"172\" data-end=\"175\" \/>Echipa Spitalului Raional C\u0103u\u0219eni este format\u0103 din medici califica\u021bi, asisten\u021bi medicali \u0219i personal auxiliar dedicat, care acord\u0103 aten\u021bie fiec\u0103rui pacient, respect\u00e2nd demnitatea, siguran\u021ba \u0219i confiden\u021bialitatea acestuia. Membrii echipei particip\u0103 constant la instruiri, cursuri de perfec\u021bionare \u0219i schimburi de experien\u021b\u0103, pentru a-\u0219i dezvolta competen\u021bele \u0219i a oferi servicii medicale de \u00eenalt\u0103 calitate.<\/p>\r\n<p data-start=\"585\" data-end=\"876\">Activitatea profesional\u0103 a echipei, implicarea \u00een campanii de s\u0103n\u0103tate \u0219i participarea la evenimente medicale sunt reflectate regulat \u00een post\u0103rile oficiale ale institu\u021biei. Contacta\u021bi-ne pentru informa\u021bii, program\u0103ri sau asisten\u021b\u0103 \u2013 suntem aici pentru s\u0103n\u0103tatea \u0219i siguran\u021ba dumneavoastr\u0103.<\/p>\r\n","protected":false},"excerpt":{"rendered":"<p>Spitalul Raional C\u0103u\u0219eni \u201eAna \u0219i Alexandru\u201d \u2013 \u00eengrijire medical\u0103 responsabil\u0103 \u0219i modern\u0103 pentru s\u0103n\u0103tatea comunit\u0103\u021bii. Echipa noastr\u0103Echipa Spitalului Raional C\u0103u\u0219eni [&hellip;]<\/p>\n","protected":false},"author":1,"featured_media":0,"parent":0,"menu_order":0,"comment_status":"closed","ping_status":"closed","template":"","meta":{"site-sidebar-layout":"default","site-content-layout":"","ast-site-content-layout":"default","site-content-style":"default","site-sidebar-style":"default","ast-global-header-display":"","ast-banner-title-visibility":"","ast-main-header-display":"","ast-hfb-above-header-display":"","ast-hfb-below-header-display":"","ast-hfb-mobile-header-display":"","site-post-title":"","ast-breadcrumbs-content":"","ast-featured-img":"","footer-sml-layout":"","ast-disable-related-posts":"","theme-transparent-header-meta":"default","adv-header-id-meta":"","stick-header-meta":"","header-above-stick-meta":"","header-main-stick-meta":"","header-below-stick-meta":"","astra-migrate-meta-layouts":"set","ast-page-background-enabled":"default","ast-page-background-meta":{"desktop":{"background-color":"var(--ast-global-color-5)","background-image":"","background-repeat":"repeat","background-position":"center center","background-size":"auto","background-attachment":"scroll","background-type":"","background-media":"","overlay-type":"","overlay-color":"","overlay-opacity":"","overlay-gradient":""},"tablet":{"background-color":"","background-image":"","background-repeat":"repeat","background-position":"center center","background-size":"auto","background-attachment":"scroll","background-type":"","background-media":"","overlay-type":"","overlay-color":"","overlay-opacity":"","overlay-gradient":""},"mobile":{"background-color":"","background-image":"","background-repeat":"repeat","background-position":"center center","background-size":"auto","background-attachment":"scroll","background-type":"","background-media":"","overlay-type":"","overlay-color":"","overlay-opacity":"","overlay-gradient":""}},"ast-content-background-meta":{"desktop":{"background-color":"var(--ast-global-color-4)","background-image":"","background-repeat":"repeat","background-position":"center center","background-size":"auto","background-attachment":"scroll","background-type":"","background-media":"","overlay-type":"","overlay-color":"","overlay-opacity":"","overlay-gradient":""},"tablet":{"background-color":"var(--ast-global-color-4)","background-image":"","background-repeat":"repeat","background-position":"center center","background-size":"auto","background-attachment":"scroll","background-type":"","background-media":"","overlay-type":"","overlay-color":"","overlay-opacity":"","overlay-gradient":""},"mobile":{"background-color":"var(--ast-global-color-4)","background-image":"","background-repeat":"repeat","background-position":"center center","background-size":"auto","background-attachment":"scroll","background-type":"","background-media":"","overlay-type":"","overlay-color":"","overlay-opacity":"","overlay-gradient":""}},"iawp_total_views":26,"footnotes":""},"class_list":["post-38","page","type-page","status-publish","hentry"],"yoast_head":"<!-- This site is optimized with the Yoast SEO plugin v27.5 - https:\/\/yoast.com\/product\/yoast-seo-wordpress\/ -->\n<title>Misiune \u0219i valori - IMSP SR C\u0103u\u0219eni<\/title>\n<meta name=\"robots\" content=\"index, follow, max-snippet:-1, max-image-preview:large, max-video-preview:-1\" \/>\n<link rel=\"canonical\" href=\"https:\/\/srcauseni.md\/?page_id=38\" \/>\n<meta property=\"og:locale\" content=\"ro_RO\" \/>\n<meta property=\"og:type\" content=\"article\" \/>\n<meta property=\"og:title\" content=\"Misiune \u0219i valori - IMSP SR C\u0103u\u0219eni\" \/>\n<meta property=\"og:description\" content=\"Spitalul Raional C\u0103u\u0219eni \u201eAna \u0219i Alexandru\u201d \u2013 \u00eengrijire medical\u0103 responsabil\u0103 \u0219i modern\u0103 pentru s\u0103n\u0103tatea comunit\u0103\u021bii. Echipa noastr\u0103Echipa Spitalului Raional C\u0103u\u0219eni [&hellip;]\" \/>\n<meta property=\"og:url\" content=\"https:\/\/srcauseni.md\/?page_id=38\" \/>\n<meta property=\"og:site_name\" content=\"IMSP SR C\u0103u\u0219eni\" \/>\n<meta property=\"article:modified_time\" content=\"2025-12-18T10:31:51+00:00\" \/>\n<meta name=\"twitter:card\" content=\"summary_large_image\" \/>\n<meta name=\"twitter:label1\" content=\"Timp estimat pentru citire\" \/>\n\t<meta name=\"twitter:data1\" content=\"1 minut\" \/>\n<script type=\"application\/ld+json\" class=\"yoast-schema-graph\">{\"@context\":\"https:\\\/\\\/schema.org\",\"@graph\":[{\"@type\":\"WebPage\",\"@id\":\"https:\\\/\\\/srcauseni.md\\\/?page_id=38\",\"url\":\"https:\\\/\\\/srcauseni.md\\\/?page_id=38\",\"name\":\"Misiune \u0219i valori - IMSP SR C\u0103u\u0219eni\",\"isPartOf\":{\"@id\":\"https:\\\/\\\/srcauseni.md\\\/#website\"},\"datePublished\":\"2025-12-16T15:15:43+00:00\",\"dateModified\":\"2025-12-18T10:31:51+00:00\",\"breadcrumb\":{\"@id\":\"https:\\\/\\\/srcauseni.md\\\/?page_id=38#breadcrumb\"},\"inLanguage\":\"ro-RO\",\"potentialAction\":[{\"@type\":\"ReadAction\",\"target\":[\"https:\\\/\\\/srcauseni.md\\\/?page_id=38\"]}]},{\"@type\":\"BreadcrumbList\",\"@id\":\"https:\\\/\\\/srcauseni.md\\\/?page_id=38#breadcrumb\",\"itemListElement\":[{\"@type\":\"ListItem\",\"position\":1,\"name\":\"Prima pagin\u0103\",\"item\":\"https:\\\/\\\/srcauseni.md\\\/\"},{\"@type\":\"ListItem\",\"position\":2,\"name\":\"Misiune \u0219i valori\"}]},{\"@type\":\"WebSite\",\"@id\":\"https:\\\/\\\/srcauseni.md\\\/#website\",\"url\":\"https:\\\/\\\/srcauseni.md\\\/\",\"name\":\"IMSP SR Causeni\",\"description\":\"\u00cengrijire medical\u0103 responsabil\u0103 \u0219i modern\u0103\",\"publisher\":{\"@id\":\"https:\\\/\\\/srcauseni.md\\\/#organization\"},\"potentialAction\":[{\"@type\":\"SearchAction\",\"target\":{\"@type\":\"EntryPoint\",\"urlTemplate\":\"https:\\\/\\\/srcauseni.md\\\/?s={search_term_string}\"},\"query-input\":{\"@type\":\"PropertyValueSpecification\",\"valueRequired\":true,\"valueName\":\"search_term_string\"}}],\"inLanguage\":\"ro-RO\"},{\"@type\":\"Organization\",\"@id\":\"https:\\\/\\\/srcauseni.md\\\/#organization\",\"name\":\"IMSP SR Causeni\",\"url\":\"https:\\\/\\\/srcauseni.md\\\/\",\"logo\":{\"@type\":\"ImageObject\",\"inLanguage\":\"ro-RO\",\"@id\":\"https:\\\/\\\/srcauseni.md\\\/#\\\/schema\\\/logo\\\/image\\\/\",\"url\":\"https:\\\/\\\/srcauseni.md\\\/wp-content\\\/uploads\\\/2025\\\/12\\\/logou-sr-causeni.jpg\",\"contentUrl\":\"https:\\\/\\\/srcauseni.md\\\/wp-content\\\/uploads\\\/2025\\\/12\\\/logou-sr-causeni.jpg\",\"width\":529,\"height\":528,\"caption\":\"IMSP SR Causeni\"},\"image\":{\"@id\":\"https:\\\/\\\/srcauseni.md\\\/#\\\/schema\\\/logo\\\/image\\\/\"}}]}<\/script>\n<!-- \/ Yoast SEO plugin. -->","yoast_head_json":{"title":"Misiune \u0219i valori - IMSP SR C\u0103u\u0219eni","robots":{"index":"index","follow":"follow","max-snippet":"max-snippet:-1","max-image-preview":"max-image-preview:large","max-video-preview":"max-video-preview:-1"},"canonical":"https:\/\/srcauseni.md\/?page_id=38","og_locale":"ro_RO","og_type":"article","og_title":"Misiune \u0219i valori - IMSP SR C\u0103u\u0219eni","og_description":"Spitalul Raional C\u0103u\u0219eni \u201eAna \u0219i Alexandru\u201d \u2013 \u00eengrijire medical\u0103 responsabil\u0103 \u0219i modern\u0103 pentru s\u0103n\u0103tatea comunit\u0103\u021bii. Echipa noastr\u0103Echipa Spitalului Raional C\u0103u\u0219eni [&hellip;]","og_url":"https:\/\/srcauseni.md\/?page_id=38","og_site_name":"IMSP SR C\u0103u\u0219eni","article_modified_time":"2025-12-18T10:31:51+00:00","twitter_card":"summary_large_image","twitter_misc":{"Timp estimat pentru citire":"1 minut"},"schema":{"@context":"https:\/\/schema.org","@graph":[{"@type":"WebPage","@id":"https:\/\/srcauseni.md\/?page_id=38","url":"https:\/\/srcauseni.md\/?page_id=38","name":"Misiune \u0219i valori - IMSP SR C\u0103u\u0219eni","isPartOf":{"@id":"https:\/\/srcauseni.md\/#website"},"datePublished":"2025-12-16T15:15:43+00:00","dateModified":"2025-12-18T10:31:51+00:00","breadcrumb":{"@id":"https:\/\/srcauseni.md\/?page_id=38#breadcrumb"},"inLanguage":"ro-RO","potentialAction":[{"@type":"ReadAction","target":["https:\/\/srcauseni.md\/?page_id=38"]}]},{"@type":"BreadcrumbList","@id":"https:\/\/srcauseni.md\/?page_id=38#breadcrumb","itemListElement":[{"@type":"ListItem","position":1,"name":"Prima pagin\u0103","item":"https:\/\/srcauseni.md\/"},{"@type":"ListItem","position":2,"name":"Misiune \u0219i valori"}]},{"@type":"WebSite","@id":"https:\/\/srcauseni.md\/#website","url":"https:\/\/srcauseni.md\/","name":"IMSP SR Causeni","description":"\u00cengrijire medical\u0103 responsabil\u0103 \u0219i modern\u0103","publisher":{"@id":"https:\/\/srcauseni.md\/#organization"},"potentialAction":[{"@type":"SearchAction","target":{"@type":"EntryPoint","urlTemplate":"https:\/\/srcauseni.md\/?s={search_term_string}"},"query-input":{"@type":"PropertyValueSpecification","valueRequired":true,"valueName":"search_term_string"}}],"inLanguage":"ro-RO"},{"@type":"Organization","@id":"https:\/\/srcauseni.md\/#organization","name":"IMSP SR Causeni","url":"https:\/\/srcauseni.md\/","logo":{"@type":"ImageObject","inLanguage":"ro-RO","@id":"https:\/\/srcauseni.md\/#\/schema\/logo\/image\/","url":"https:\/\/srcauseni.md\/wp-content\/uploads\/2025\/12\/logou-sr-causeni.jpg","contentUrl":"https:\/\/srcauseni.md\/wp-content\/uploads\/2025\/12\/logou-sr-causeni.jpg","width":529,"height":528,"caption":"IMSP SR Causeni"},"image":{"@id":"https:\/\/srcauseni.md\/#\/schema\/logo\/image\/"}}]}},"_links":{"self":[{"href":"https:\/\/srcauseni.md\/index.php?rest_route=\/wp\/v2\/pages\/38","targetHints":{"allow":["GET"]}}],"collection":[{"href":"https:\/\/srcauseni.md\/index.php?rest_route=\/wp\/v2\/pages"}],"about":[{"href":"https:\/\/srcauseni.md\/index.php?rest_route=\/wp\/v2\/types\/page"}],"author":[{"embeddable":true,"href":"https:\/\/srcauseni.md\/index.php?rest_route=\/wp\/v2\/users\/1"}],"replies":[{"embeddable":true,"href":"https:\/\/srcauseni.md\/index.php?rest_route=%2Fwp%2Fv2%2Fcomments&post=38"}],"version-history":[{"count":5,"href":"https:\/\/srcauseni.md\/index.php?rest_route=\/wp\/v2\/pages\/38\/revisions"}],"predecessor-version":[{"id":346,"href":"https:\/\/srcauseni.md\/index.php?rest_route=\/wp\/v2\/pages\/38\/revisions\/346"}],"wp:attachment":[{"href":"https:\/\/srcauseni.md\/index.php?rest_route=%2Fwp%2Fv2%2Fmedia&parent=38"}],"curies":[{"name":"wp","href":"https:\/\/api.w.org\/{rel}","templated":true}]}}