{"id":456,"date":"2026-01-16T07:38:17","date_gmt":"2026-01-16T07:38:17","guid":{"rendered":"https:\/\/srcauseni.md\/?page_id=456"},"modified":"2026-03-09T11:01:37","modified_gmt":"2026-03-09T11:01:37","slug":"anunturi","status":"publish","type":"page","link":"https:\/\/srcauseni.md\/?page_id=456","title":{"rendered":"Anun\u021buri"},"content":{"rendered":"<p>6 martie 2026<\/p>\n<p><a href=\"https:\/\/srcauseni.md\/wp-content\/uploads\/2026\/03\/Decizia-Comisiei-de-concurs-nr.2-din-06.03.2026.pdf\">Decizia Comisiei de concurs nr.2 din 06.03.2026<\/a><\/p>\n<p>_____________________________________________________________________________________________________<\/p>\n<p>03.03.2026<\/p>\n<p><strong>Desf\u0103\u0219urarea repetat\u0103 a primei etape de concurs<\/strong><\/p>\n<p>\u00cen leg\u0103tur\u0103 cu faptul c\u0103 prin Decizia nr.1 din 02.03.2026, Comisia de examinare a contesta\u021biilor \u00een cadrul concursului de selec\u021bie pentru ocuparea func\u021biilor vacante numit\u0103 conform Ordinului nr.57 din 03.02.2026 a decis de a anula Decizia nr.1 din 27.02.2026 a Comisiei pentru organizarea \u015fi desf\u0103\u015furarea concursului de selec\u0163ie pentru ocuparea func\u021biilor vacante \u00een cadrul IMSP SR C\u0103u\u0219eni \u201dAna \u0219i Alexandr, la <u>data de 06.03.2026 ora 09:00 urmeaz\u0103 a fi desf\u0103\u0219urat\u0103 repetat prima etap\u0103 a concursului &#8211; evaluarea dosarelor<\/u> candida\u021bilor pentru ocuparea func\u021biilor vacante de \u0219ef sec\u021bie Neurologie, \u0219ef sec\u021bie Terapie General\u0103, \u0219ef sec\u021bie Laborator clinic, \u0219ef sec\u021bie Informatic\u0103 \u0219i Statistic\u0103 medical\u0103.\u00a0 \u00a0(<strong>Secretara Comisiei de Concurs &#8211; Natalia Garaba)<\/strong><\/p>\n<p>______________________________________________________________________________________________<\/p>\n<p>03.03.2026<\/p>\n<h1 class=\"entry-title\">Anularea deciziei Comisiei de concurs<\/h1>\n<p>Comisia de examinare a contesta\u021biilor \u00een cadrul concursului de selec\u021bie pentru ocuparea func\u021biilor vacante numit\u0103 conform Ordinului nr.57 din 03.02.2026,\u00a0 prin Decizia nr.1 din 02.03.2026 a decis de a anula Decizia nr.1 din 27.02.2026 a Comisiei de concurs privind desf\u0103\u0219urarea primei etape \u2013 evaluarea dosarelor candida\u021bilor pentru ocuparea func\u021biilor vacante de \u0219ef sec\u021bie Neurologie, \u0219ef sec\u021bie Terapie General\u0103, \u0219ef sec\u021bie Laborator clinic.<\/p>\n<p>______________________________________________________________________________________________<\/p>\n<p>27.02.2026<\/p>\n<p>Decizia Comisiei de consurs privind desf\u0103\u0219urarea primei etape pentru ocuparea posturilor vacante de \u0219efi sec\u021bie Neurologie, Terapie General\u0103 \u0219i Laborator Clinic:<\/p>\n<p><a href=\"https:\/\/srcauseni.md\/wp-content\/uploads\/2026\/02\/Decizia-comisiei.pdf\">Decizia Comisiei de concurs nr.1 din 27.02.2026<\/a><\/p>\n<p>______________________________________________________________________________________________<\/p>\n<p>23.02.2026<strong style=\"font-size: 16px;\">\u00a0<\/strong><\/p>\n<p>La data de 03.02.2026 a fost anun\u021bat concursul pentru ocuparea func\u021biilor vacante de \u0219efi de Sec\u021bie din cadrul IMSP SR C\u0103u\u0219eni \u201dAna \u0219i Alexandru\u201d.<\/p>\n<p>\u00cen leg\u0103tur\u0103 cu faptul c\u0103 au fost \u00eenregistra\u021bi insuficien\u021bi candida\u021bi la func\u021bia de \u0219ef de sec\u021bie <strong><u>Informatic\u0103 \u0219i Statistic\u0103 medical\u0103<\/u><\/strong>, \u00een conformitate cu prevederile Regulamentului privind angajarea prin concurs a conduc\u0103torilor de subdiviziuni \u00een cadrul\u00a0prestatorilor publici de servicii medicale aprobat prin Ordinul MS Nr.245\u00a0din 16.03.2022, \u00een baza prevederilor Regulamentului de organizare \u0219i func\u021bionare\u00a0 a Institu\u021biei Medico-Sanitare Publice Spitalul Raional C\u0103u\u0219eni \u201dAna \u0219i Alexandru\u201d aprobat prin Ordinul nr.219 din 16.03.2023, <strong>Comisia de concurs a decis prelungirea termenului de depunere a documentelor p\u00e2n\u0103 la 04.03.2026 inclusiv<\/strong>.<\/p>\n<ul>\n<li>Telefon de contact:060001360;<\/li>\n<li>Adresa electronic\u0103: <a href=\"mailto:srcauseni@ms.md\">srcauseni@ms.md<\/a><\/li>\n<li>Adresa : C\u0103u\u015feni, str.Iurie Gagarin nr.54, blocul Administrativ nr.2, Serviciul resurse umane<\/li>\n<li>Persoana responsabil\u0103 de oferirea informa\u021biilor suplimentare \u0219i de primirea dosarelor- Natalia Garaba, \u0219ef Sec\u021bie Resurse umane.<strong style=\"font-size: 16px;\">\u00a0<\/strong><\/li>\n<\/ul>\n<p><strong>Comisia de concurs<\/strong><\/p>\n<p>______________________________________________________________________________________________<\/p>\n<p><em>13.02.2026<\/em><\/p>\n<p>\u00cen conformitate cu Regulamentul privind\u00a0autoevaluarea, raportarea sistemului de control\u00a0intern managerial \u015fi emiterea Declara\u0163iei\u00a0de r\u0103spundere managerial\u0103 aprobat prin Ordninul nr.4 din 09.01.2019, IMSP SR C\u0103u\u0219eni \u201dAna \u0219i Alexandru\u201d, aduce la cuno\u0219tin\u0103 despre emiterea Declara\u0163iei\u00a0de r\u0103spundere managerial\u0103 pentru anul 2025.<\/p>\n<p><a href=\"https:\/\/srcauseni.md\/wp-content\/uploads\/2026\/02\/Declaratia-de-rasp-manageriala-anex.3.signed.pdf\">Declara\u021bia de r\u0103spundere managerial\u0103<\/a><\/p>\n<p>______________________________________________________________________________________________<\/p>\n<p><em>3 februarie 2026<\/em><\/p>\n<p><a href=\"https:\/\/srcauseni.md\/wp-content\/uploads\/2026\/02\/Anunt-de-recrutare.pdf\">Anun\u021b de recrutare <em><strong>sefi sec\u021bie<\/strong><\/em><\/a><\/p>\n<p><a href=\"https:\/\/srcauseni.md\/wp-content\/uploads\/2026\/02\/Ordin-organizare-concurs.pdf\">Ordin organizare concurs<\/a><\/p>\n<p><a href=\"https:\/\/srcauseni.md\/wp-content\/uploads\/2026\/02\/Metodologia-de-evaluare.pdf\">Metodologia de evaluare<\/a><\/p>\n<p><a href=\"https:\/\/srcauseni.md\/wp-content\/uploads\/2026\/02\/Fisa-de-post-Informatica-si-statistica-medicala.pdf\">Fi\u0219a de post Informatica \u0219i statistic\u0103 medicala<\/a><\/p>\n<p><a href=\"https:\/\/srcauseni.md\/wp-content\/uploads\/2026\/02\/Fisa-de-post-Laborator-clinic.pdf\">Fi\u0219a de post Laborator clinic<\/a><\/p>\n<p><a href=\"https:\/\/srcauseni.md\/wp-content\/uploads\/2026\/02\/Fisa-de-post-sef-s-terapie-generala-1.pdf\">Fi\u0219a de post \u0219ef s terapie general\u0103<\/a><\/p>\n<p><a href=\"https:\/\/srcauseni.md\/wp-content\/uploads\/2026\/02\/fisa-Sectia-neurologie.pdf\">fi\u0219a Sectia neurologie<\/a><\/p>\n<p>&nbsp;<\/p>\n<p>_____________________________________________________________________________________________<\/p>\n<p>30 ianuarie 2026<\/p>\n<h1 class=\"entry-title\">Modificari ale Comisiei Situa\u021bii Excep\u021bionale a IMSP SR C\u0103u\u0219eni<\/h1>\n<p><a href=\"https:\/\/srcauseni.md\/wp-content\/uploads\/2026\/01\/CSE-Dezizia-nr3-din-30.01.2026-red.pdf\">CSE Dezizia nr,3 din 30.01.2026 red<\/a><\/p>\n<p>______________________________________________________________________________________________<\/p>\n<p style=\"text-align: left;\">29 ianuarie 2026<\/p>\n<h1 class=\"entry-title\">Prelungirea St\u0103rii de Urgen\u021b\u0103 p\u00eena la 2 februarie<\/h1>\n<p><a href=\"https:\/\/srcauseni.md\/wp-content\/uploads\/2026\/01\/CSE-Dezizia-nr2-din-29.01.2026-red.pdf\">CSE Dezizia nr,2 din 29.01.2026 red<\/a><\/p>\n<p>______________________________________________________________________________________________<\/p>\n<p>27 ianuarie 2026<\/p>\n<h1 class=\"entry-title\">Stare de urgen\u021b\u0103 din cauza condi\u021biilor meteo<\/h1>\n<p><a href=\"https:\/\/srcauseni.md\/wp-content\/uploads\/2026\/01\/CSE-Dezizia-nr1-din-27.01.2026-red.pdf\">CSE Dezizia nr,1 din 27.01.2026 red<\/a><\/p>\n<p>______________________________________________________________________________________________<\/p>\n<p>26 ianuarie 2026<\/p>\n<p><strong>ANUN\u021a<\/strong><strong> de anulare concurs pentru stabilirea \u0219efilor de sec\u021bii<\/strong><\/p>\n<p>\u00cen leg\u0103tur\u0103 cu faptul c\u0103 \u00een cadrul verific\u0103rii Anun\u021bului de recrutare publicat pe pagina oficial\u0103 a institu\u021biei privind desf\u0103\u0219urarea concursului pentru\u00a0 ocuparea func\u021biilor vacante din cadrul IMSP SR C\u0103u\u0219eni \u201dAna \u0219i Alexandru\u201d, s-au stabilit mai multe erori formale, ce ar afecta direct legalitatea desf\u0103\u0219ur\u0103rii \u00eentregului proces de recrutare, selectare a candida\u021bilor pentru ocuparea func\u021biilor vacante, din care considerente \u00een baza Ordinului nr.43 din 26.01.2026, a fost dispus anularea organiz\u0103rii \u00a0concursului privind ocuparea func\u021biilor vacante anun\u021bate.<\/p>\n<p>Informa\u021bii suplimentare cu referire la data preconizat\u0103 pentru organizarea concursului la func\u021biile vacante de \u0219ef de sec\u021bie Neurologie, Terapie, Laborator clinic diagnostic, Informatic\u0103 \u0219i statistic\u0103 medical\u0103, urmeaz\u0103 a fi publicate pe pagina oficial\u0103 precum \u0219i pe avizierul institu\u021biei.<\/p>\n<p><a href=\"https:\/\/srcauseni.md\/wp-content\/uploads\/2026\/01\/Nota-informativa-privind-anulare-concurs.pdf\">Not\u0103 informativ\u0103 privind anulare concurs<\/a><\/p>\n<p><a href=\"https:\/\/srcauseni.md\/wp-content\/uploads\/2026\/01\/Ordin-anulare.pdf\">Ordin anulare<\/a><\/p>\n<p><a href=\"https:\/\/srcauseni.md\/wp-content\/uploads\/2026\/01\/Regulamentul-privind-angajarea-prin-concurs-a-conducatorilor-de-subdiviziuni-in-cadrul-prestatorilor-publici-de-servicii-medicale_.pdf\">Regulamentul-privind-angajarea-prin-concurs-a-conducatorilor-de-subdiviziuni-in-cadrul-prestatorilor-publici-de-servicii-medicale<\/a><\/p>\n<p>______________________________________________________________________________________________<\/p>\n<p>15 ianuarie 2026<\/p>\n<p><span style=\"font-size: 2em; font-weight: 400;\">Anun\u021b concurs pentru ocuparea posturilor vacante de \u0219efi de sec\u021bie<\/span><\/p>\n<div class=\"entry-content clear\">\n<p><strong>IMSP Spitalul Raional\u00a0 C\u0103u\u0219eni \u201dAna \u0219i Alexandru\u201d anun\u0163\u0103 concurs pentru suplinirea func\u0163iilor\u00a0 vacante :<\/strong><strong>\u00a0<\/strong><\/p>\n<ul>\n<li><strong>\u0218ef sec\u021biei neurologie \u2013 1 unitate;<\/strong><\/li>\n<li><strong>\u0218ef sec\u021biei terapie \u2013 1 unitate;<\/strong><\/li>\n<li><strong>\u0218ef sec\u021biei informatic\u0103 \u0219i statistic\u0103 medical\u0103 \u2013 1 unitate;<\/strong><\/li>\n<li><strong>\u0218ef laboratorului clinic \u2013 1 unitate.<\/strong><strong>\u00a0<\/strong><\/li>\n<\/ul>\n<p><strong><em>Lista documentelor necesare pentru participare la concurs:<\/em><\/strong><\/p>\n<p><strong>\u00a0CV-ul;<\/strong><\/p>\n<p><strong>\u00a0cerere de participare la concurs;<\/strong><\/p>\n<p><strong>\u00a0copia buletinului de identitate;<\/strong><\/p>\n<p><strong>\u00a0copiile diplomelor de studii \u015fi ale certificatelor de absolvire a cursurilor de perfec\u0163ionare profesional\u0103 \u015fi\/sau specializare;<\/strong><\/p>\n<p><strong>\u00a0copia carnetului de munc\u0103;<\/strong><\/p>\n<p><strong>\u00a0certificatul medical;<\/strong><\/p>\n<p><strong>\u00a0cazierul judiciar;<\/strong><\/p>\n<p><strong>\u00a0documentele care atest\u0103 prestarea voluntariatului \u2013 \u00een cazul \u00een care candidatul consider\u0103 necesar;<\/strong><\/p>\n<p><strong>\u00a0referin\u021ba de la locul de munc\u0103.<\/strong><strong>\u00a0<\/strong><\/p>\n<p><strong><em>Not\u0103:<\/em><\/strong><\/p>\n<p><strong>\u2013 Certificatul medical \u0219i cazierul judiciar pot fi \u00eenlocuite cu declara\u021bii pe propria r\u0103spundere. \u00cen acest caz, candidatul nou -angajat are obliga\u0163ia s\u0103 completeze dosarul de concurs cu originalul documentului \u00een termen de maximum 10 zile calendaristice de la data la care a fost declarat \u00eenving\u0103tor, sub sanc\u0163iunea neemiterii actului administrativ de numire.<\/strong><\/p>\n<p><strong>\u2013 Copiile documentelor nominalizate pot fi autentificate de notar sau prezentate \u00eempreun\u0103 cu documentele originale pentru verificarea veridicit\u0103\u0163ii acestora. Candida\u0163ii depun documentele personal, prin po\u015ft\u0103 sau e-mail (cu condi\u0163ia c\u0103 candida\u0163ii , care au depus dosarul prin po\u015ft\u0103 sau e-mail vor prezenta \u00een ziua concursului toate actele \u00een original pentru autentificare, \u00een caz contrar dosarul de concurs se respinge).<\/strong><strong>\u00a0<\/strong><\/p>\n<p><strong><em>Termenul de depunere a documentelor pentru participare la concurs<\/em><\/strong><strong>\u00a0pentru suplinirea func\u0163iilor\u00a0 vacante\u00a0 este de la\u00a0<em>16.01.2026\u00a0<\/em>p\u00een\u0103 la\u00a0<em>30.01.2026 p\u00e2n\u0103 la ora 16.00<\/em>\u00a0 inclusiv. Concursul pentru ocuparea func\u021biei vacante va fi desf\u0103\u0219urat pe data\u00a0<em>02.02.2026 la ora 14.00.<\/em><\/strong><strong>\u00a0<\/strong><\/p>\n<p><strong>Dosarele se vor depune personal la sec\u021bia resurse umane al IMSP SR C\u0103u\u0219eni, or.C\u0103u\u0219eni, str.Gagarin, 54\u00a0 sau prin po\u0219ta electronic\u0103\u00a0<\/strong><a href=\"mailto:srcauseni@ms.md\"><strong>srcauseni@ms.md<\/strong><\/a><strong>\u00a0.<\/strong><strong><em>\u00a0<\/em><\/strong><\/p>\n<p><strong><em>Cerin\u0163e generale fa\u0163\u0103 de candida\u0163i:<\/em><\/strong><strong>\u00a0<\/strong><\/p>\n<ol>\n<li><strong>Cet\u0103\u0163ean al Republicii Moldova;<\/strong><\/li>\n<li><strong>Cunoa\u015fterea limbii de stat;<\/strong><\/li>\n<li><strong>Are capacitate deplin\u0103 de exerci\u0163iu ;<\/strong><\/li>\n<li><strong>Nu a \u00eemplinit v\u00eersta de 63 de ani;<\/strong><\/li>\n<li><strong>Studiile necesare prev\u0103zute pentru func\u0163ia respectiv\u0103<\/strong><\/li>\n<li><strong>Lipsa antecedentelor penale nestinse;<\/strong><\/li>\n<li><strong>Apt de munc\u0103 \u2013 (din punct de vedere medical);<\/strong><\/li>\n<li><strong>Nu este privat de dreptul de a ocupa func\u0163ia respectiv\u0103.<\/strong><\/li>\n<li><strong>\u00cendepline\u0219te condi\u021biile speciale pentru ocuparea postului scos la concurs \u0219i vechimea \u00een munc\u0103 de cel pu\u021bin 3 ani.<\/strong><strong>\u00a0<\/strong><\/li>\n<\/ol>\n<p><strong><em>Aptitudini:<\/em><\/strong><strong>\u00a0de organizare, elaborare a documentelor, analiz\u0103 \u015fi sintez\u0103, comunicare, planificare \u015fi implementare a activit\u0103\u0163ilor \u015fi deciziilor \u00een domeniul managmentului sec\u021biei conduse (organizarea, coordonarea, monitorizarea, evaluarea \u015fi control).<\/strong><strong>\u00a0<\/strong><\/p>\n<p><strong><em>Atitudini necesare:<\/em><\/strong><strong>\u00a0respect fa\u0163\u0103 de oameni, profesionalism, responsabilitate. corectitudine, impar\u0163ialitate, disciplin\u0103, tendin\u0163\u0103 de perfec\u0163ionare profesional\u0103 continu\u0103.<\/strong><strong>\u00a0<\/strong><\/p>\n<p><strong>Posedarea cuno\u015ftin\u0163elor de operare la calculator: Word, Excel, PowerPoint, Internet.<\/strong><strong>\u00a0<\/strong><\/p>\n<p><strong>Cunoa\u015fterea unei limbi de circula\u0163ie interna\u0163ional\u0103 la nivelul B1.<\/strong><\/p>\n<\/div>\n","protected":false},"excerpt":{"rendered":"<p>6 martie 2026 Decizia Comisiei de concurs nr.2 din 06.03.2026 _____________________________________________________________________________________________________ 03.03.2026 Desf\u0103\u0219urarea repetat\u0103 a primei etape de concurs \u00cen [&hellip;]<\/p>\n","protected":false},"author":1,"featured_media":0,"parent":0,"menu_order":0,"comment_status":"closed","ping_status":"closed","template":"","meta":{"site-sidebar-layout":"default","site-content-layout":"","ast-site-content-layout":"default","site-content-style":"default","site-sidebar-style":"default","ast-global-header-display":"","ast-banner-title-visibility":"","ast-main-header-display":"","ast-hfb-above-header-display":"","ast-hfb-below-header-display":"","ast-hfb-mobile-header-display":"","site-post-title":"","ast-breadcrumbs-content":"","ast-featured-img":"","footer-sml-layout":"","ast-disable-related-posts":"","theme-transparent-header-meta":"default","adv-header-id-meta":"","stick-header-meta":"","header-above-stick-meta":"","header-main-stick-meta":"","header-below-stick-meta":"","astra-migrate-meta-layouts":"set","ast-page-background-enabled":"default","ast-page-background-meta":{"desktop":{"background-color":"var(--ast-global-color-5)","background-image":"","background-repeat":"repeat","background-position":"center center","background-size":"auto","background-attachment":"scroll","background-type":"","background-media":"","overlay-type":"","overlay-color":"","overlay-opacity":"","overlay-gradient":""},"tablet":{"background-color":"","background-image":"","background-repeat":"repeat","background-position":"center center","background-size":"auto","background-attachment":"scroll","background-type":"","background-media":"","overlay-type":"","overlay-color":"","overlay-opacity":"","overlay-gradient":""},"mobile":{"background-color":"","background-image":"","background-repeat":"repeat","background-position":"center center","background-size":"auto","background-attachment":"scroll","background-type":"","background-media":"","overlay-type":"","overlay-color":"","overlay-opacity":"","overlay-gradient":""}},"ast-content-background-meta":{"desktop":{"background-color":"var(--ast-global-color-4)","background-image":"","background-repeat":"repeat","background-position":"center center","background-size":"auto","background-attachment":"scroll","background-type":"","background-media":"","overlay-type":"","overlay-color":"","overlay-opacity":"","overlay-gradient":""},"tablet":{"background-color":"var(--ast-global-color-4)","background-image":"","background-repeat":"repeat","background-position":"center center","background-size":"auto","background-attachment":"scroll","background-type":"","background-media":"","overlay-type":"","overlay-color":"","overlay-opacity":"","overlay-gradient":""},"mobile":{"background-color":"var(--ast-global-color-4)","background-image":"","background-repeat":"repeat","background-position":"center center","background-size":"auto","background-attachment":"scroll","background-type":"","background-media":"","overlay-type":"","overlay-color":"","overlay-opacity":"","overlay-gradient":""}},"iawp_total_views":213,"footnotes":""},"class_list":["post-456","page","type-page","status-publish","hentry"],"yoast_head":"<!-- This site is optimized with the Yoast SEO plugin v27.4 - https:\/\/yoast.com\/product\/yoast-seo-wordpress\/ -->\n<title>Anun\u021buri - IMSP SR C\u0103u\u0219eni<\/title>\n<meta name=\"robots\" content=\"index, follow, max-snippet:-1, max-image-preview:large, max-video-preview:-1\" \/>\n<link rel=\"canonical\" href=\"https:\/\/srcauseni.md\/?page_id=456\" \/>\n<meta property=\"og:locale\" content=\"ro_RO\" \/>\n<meta property=\"og:type\" content=\"article\" \/>\n<meta property=\"og:title\" content=\"Anun\u021buri - IMSP SR C\u0103u\u0219eni\" \/>\n<meta property=\"og:description\" content=\"6 martie 2026 Decizia Comisiei de concurs nr.2 din 06.03.2026 _____________________________________________________________________________________________________ 03.03.2026 Desf\u0103\u0219urarea repetat\u0103 a primei etape de concurs \u00cen [&hellip;]\" \/>\n<meta property=\"og:url\" content=\"https:\/\/srcauseni.md\/?page_id=456\" \/>\n<meta property=\"og:site_name\" content=\"IMSP SR C\u0103u\u0219eni\" \/>\n<meta property=\"article:modified_time\" content=\"2026-03-09T11:01:37+00:00\" \/>\n<meta name=\"twitter:card\" content=\"summary_large_image\" \/>\n<meta name=\"twitter:label1\" content=\"Timp estimat pentru citire\" \/>\n\t<meta name=\"twitter:data1\" content=\"6 minute\" \/>\n<script type=\"application\/ld+json\" class=\"yoast-schema-graph\">{\"@context\":\"https:\\\/\\\/schema.org\",\"@graph\":[{\"@type\":\"WebPage\",\"@id\":\"https:\\\/\\\/srcauseni.md\\\/?page_id=456\",\"url\":\"https:\\\/\\\/srcauseni.md\\\/?page_id=456\",\"name\":\"Anun\u021buri - IMSP SR C\u0103u\u0219eni\",\"isPartOf\":{\"@id\":\"https:\\\/\\\/srcauseni.md\\\/#website\"},\"datePublished\":\"2026-01-16T07:38:17+00:00\",\"dateModified\":\"2026-03-09T11:01:37+00:00\",\"breadcrumb\":{\"@id\":\"https:\\\/\\\/srcauseni.md\\\/?page_id=456#breadcrumb\"},\"inLanguage\":\"ro-RO\",\"potentialAction\":[{\"@type\":\"ReadAction\",\"target\":[\"https:\\\/\\\/srcauseni.md\\\/?page_id=456\"]}]},{\"@type\":\"BreadcrumbList\",\"@id\":\"https:\\\/\\\/srcauseni.md\\\/?page_id=456#breadcrumb\",\"itemListElement\":[{\"@type\":\"ListItem\",\"position\":1,\"name\":\"Prima pagin\u0103\",\"item\":\"https:\\\/\\\/srcauseni.md\\\/\"},{\"@type\":\"ListItem\",\"position\":2,\"name\":\"Anun\u021buri\"}]},{\"@type\":\"WebSite\",\"@id\":\"https:\\\/\\\/srcauseni.md\\\/#website\",\"url\":\"https:\\\/\\\/srcauseni.md\\\/\",\"name\":\"IMSP SR Causeni\",\"description\":\"\u00cengrijire medical\u0103 responsabil\u0103 \u0219i modern\u0103\",\"publisher\":{\"@id\":\"https:\\\/\\\/srcauseni.md\\\/#organization\"},\"potentialAction\":[{\"@type\":\"SearchAction\",\"target\":{\"@type\":\"EntryPoint\",\"urlTemplate\":\"https:\\\/\\\/srcauseni.md\\\/?s={search_term_string}\"},\"query-input\":{\"@type\":\"PropertyValueSpecification\",\"valueRequired\":true,\"valueName\":\"search_term_string\"}}],\"inLanguage\":\"ro-RO\"},{\"@type\":\"Organization\",\"@id\":\"https:\\\/\\\/srcauseni.md\\\/#organization\",\"name\":\"IMSP SR Causeni\",\"url\":\"https:\\\/\\\/srcauseni.md\\\/\",\"logo\":{\"@type\":\"ImageObject\",\"inLanguage\":\"ro-RO\",\"@id\":\"https:\\\/\\\/srcauseni.md\\\/#\\\/schema\\\/logo\\\/image\\\/\",\"url\":\"https:\\\/\\\/srcauseni.md\\\/wp-content\\\/uploads\\\/2025\\\/12\\\/logou-sr-causeni.jpg\",\"contentUrl\":\"https:\\\/\\\/srcauseni.md\\\/wp-content\\\/uploads\\\/2025\\\/12\\\/logou-sr-causeni.jpg\",\"width\":529,\"height\":528,\"caption\":\"IMSP SR Causeni\"},\"image\":{\"@id\":\"https:\\\/\\\/srcauseni.md\\\/#\\\/schema\\\/logo\\\/image\\\/\"}}]}<\/script>\n<!-- \/ Yoast SEO plugin. -->","yoast_head_json":{"title":"Anun\u021buri - IMSP SR C\u0103u\u0219eni","robots":{"index":"index","follow":"follow","max-snippet":"max-snippet:-1","max-image-preview":"max-image-preview:large","max-video-preview":"max-video-preview:-1"},"canonical":"https:\/\/srcauseni.md\/?page_id=456","og_locale":"ro_RO","og_type":"article","og_title":"Anun\u021buri - IMSP SR C\u0103u\u0219eni","og_description":"6 martie 2026 Decizia Comisiei de concurs nr.2 din 06.03.2026 _____________________________________________________________________________________________________ 03.03.2026 Desf\u0103\u0219urarea repetat\u0103 a primei etape de concurs \u00cen [&hellip;]","og_url":"https:\/\/srcauseni.md\/?page_id=456","og_site_name":"IMSP SR C\u0103u\u0219eni","article_modified_time":"2026-03-09T11:01:37+00:00","twitter_card":"summary_large_image","twitter_misc":{"Timp estimat pentru citire":"6 minute"},"schema":{"@context":"https:\/\/schema.org","@graph":[{"@type":"WebPage","@id":"https:\/\/srcauseni.md\/?page_id=456","url":"https:\/\/srcauseni.md\/?page_id=456","name":"Anun\u021buri - IMSP SR C\u0103u\u0219eni","isPartOf":{"@id":"https:\/\/srcauseni.md\/#website"},"datePublished":"2026-01-16T07:38:17+00:00","dateModified":"2026-03-09T11:01:37+00:00","breadcrumb":{"@id":"https:\/\/srcauseni.md\/?page_id=456#breadcrumb"},"inLanguage":"ro-RO","potentialAction":[{"@type":"ReadAction","target":["https:\/\/srcauseni.md\/?page_id=456"]}]},{"@type":"BreadcrumbList","@id":"https:\/\/srcauseni.md\/?page_id=456#breadcrumb","itemListElement":[{"@type":"ListItem","position":1,"name":"Prima pagin\u0103","item":"https:\/\/srcauseni.md\/"},{"@type":"ListItem","position":2,"name":"Anun\u021buri"}]},{"@type":"WebSite","@id":"https:\/\/srcauseni.md\/#website","url":"https:\/\/srcauseni.md\/","name":"IMSP SR Causeni","description":"\u00cengrijire medical\u0103 responsabil\u0103 \u0219i modern\u0103","publisher":{"@id":"https:\/\/srcauseni.md\/#organization"},"potentialAction":[{"@type":"SearchAction","target":{"@type":"EntryPoint","urlTemplate":"https:\/\/srcauseni.md\/?s={search_term_string}"},"query-input":{"@type":"PropertyValueSpecification","valueRequired":true,"valueName":"search_term_string"}}],"inLanguage":"ro-RO"},{"@type":"Organization","@id":"https:\/\/srcauseni.md\/#organization","name":"IMSP SR Causeni","url":"https:\/\/srcauseni.md\/","logo":{"@type":"ImageObject","inLanguage":"ro-RO","@id":"https:\/\/srcauseni.md\/#\/schema\/logo\/image\/","url":"https:\/\/srcauseni.md\/wp-content\/uploads\/2025\/12\/logou-sr-causeni.jpg","contentUrl":"https:\/\/srcauseni.md\/wp-content\/uploads\/2025\/12\/logou-sr-causeni.jpg","width":529,"height":528,"caption":"IMSP SR Causeni"},"image":{"@id":"https:\/\/srcauseni.md\/#\/schema\/logo\/image\/"}}]}},"_links":{"self":[{"href":"https:\/\/srcauseni.md\/index.php?rest_route=\/wp\/v2\/pages\/456","targetHints":{"allow":["GET"]}}],"collection":[{"href":"https:\/\/srcauseni.md\/index.php?rest_route=\/wp\/v2\/pages"}],"about":[{"href":"https:\/\/srcauseni.md\/index.php?rest_route=\/wp\/v2\/types\/page"}],"author":[{"embeddable":true,"href":"https:\/\/srcauseni.md\/index.php?rest_route=\/wp\/v2\/users\/1"}],"replies":[{"embeddable":true,"href":"https:\/\/srcauseni.md\/index.php?rest_route=%2Fwp%2Fv2%2Fcomments&post=456"}],"version-history":[{"count":29,"href":"https:\/\/srcauseni.md\/index.php?rest_route=\/wp\/v2\/pages\/456\/revisions"}],"predecessor-version":[{"id":622,"href":"https:\/\/srcauseni.md\/index.php?rest_route=\/wp\/v2\/pages\/456\/revisions\/622"}],"wp:attachment":[{"href":"https:\/\/srcauseni.md\/index.php?rest_route=%2Fwp%2Fv2%2Fmedia&parent=456"}],"curies":[{"name":"wp","href":"https:\/\/api.w.org\/{rel}","templated":true}]}}