{"id":552,"date":"2026-02-04T14:48:45","date_gmt":"2026-02-04T14:48:45","guid":{"rendered":"https:\/\/srcauseni.md\/?page_id=552"},"modified":"2026-02-18T14:11:38","modified_gmt":"2026-02-18T14:11:38","slug":"comisia-situatii-exceptionale","status":"publish","type":"page","link":"https:\/\/srcauseni.md\/?page_id=552","title":{"rendered":"Comisia Situa\u021bii Excep\u021bionale"},"content":{"rendered":"<p>18.02.2026<\/p>\n<p><a href=\"https:\/\/srcauseni.md\/wp-content\/uploads\/2026\/02\/DSE-6.pdf\">DSE 6<\/a><\/p>\n<p>_____________________________________________________________________________________________<\/p>\n<p>6 februarie 2026<\/p>\n<p><a href=\"https:\/\/srcauseni.md\/wp-content\/uploads\/2026\/02\/CSE-Decizia-nr.5-din-06.02.2026.pdf\">CSE Decizia nr.5 din 06.02.2026<\/a><\/p>\n<p>_____________________________________________________________________________________________<\/p>\n<p>4 februarie 2026<\/p>\n<p><a href=\"https:\/\/srcauseni.md\/wp-content\/uploads\/2026\/02\/decizie-nr.4-CSE.pdf\">Decizia nr.4 CSE<\/a><\/p>\n<p>&nbsp;<\/p>\n","protected":false},"excerpt":{"rendered":"<p>18.02.2026 DSE 6 _____________________________________________________________________________________________ 6 februarie 2026 CSE Decizia nr.5 din 06.02.2026 _____________________________________________________________________________________________ 4 februarie 2026 Decizia nr.4 CSE &nbsp;<\/p>\n","protected":false},"author":1,"featured_media":0,"parent":0,"menu_order":0,"comment_status":"closed","ping_status":"closed","template":"","meta":{"site-sidebar-layout":"default","site-content-layout":"","ast-site-content-layout":"default","site-content-style":"default","site-sidebar-style":"default","ast-global-header-display":"","ast-banner-title-visibility":"","ast-main-header-display":"","ast-hfb-above-header-display":"","ast-hfb-below-header-display":"","ast-hfb-mobile-header-display":"","site-post-title":"","ast-breadcrumbs-content":"","ast-featured-img":"","footer-sml-layout":"","ast-disable-related-posts":"","theme-transparent-header-meta":"default","adv-header-id-meta":"","stick-header-meta":"","header-above-stick-meta":"","header-main-stick-meta":"","header-below-stick-meta":"","astra-migrate-meta-layouts":"set","ast-page-background-enabled":"default","ast-page-background-meta":{"desktop":{"background-color":"var(--ast-global-color-5)","background-image":"","background-repeat":"repeat","background-position":"center center","background-size":"auto","background-attachment":"scroll","background-type":"","background-media":"","overlay-type":"","overlay-color":"","overlay-opacity":"","overlay-gradient":""},"tablet":{"background-color":"","background-image":"","background-repeat":"repeat","background-position":"center center","background-size":"auto","background-attachment":"scroll","background-type":"","background-media":"","overlay-type":"","overlay-color":"","overlay-opacity":"","overlay-gradient":""},"mobile":{"background-color":"","background-image":"","background-repeat":"repeat","background-position":"center center","background-size":"auto","background-attachment":"scroll","background-type":"","background-media":"","overlay-type":"","overlay-color":"","overlay-opacity":"","overlay-gradient":""}},"ast-content-background-meta":{"desktop":{"background-color":"var(--ast-global-color-4)","background-image":"","background-repeat":"repeat","background-position":"center center","background-size":"auto","background-attachment":"scroll","background-type":"","background-media":"","overlay-type":"","overlay-color":"","overlay-opacity":"","overlay-gradient":""},"tablet":{"background-color":"var(--ast-global-color-4)","background-image":"","background-repeat":"repeat","background-position":"center center","background-size":"auto","background-attachment":"scroll","background-type":"","background-media":"","overlay-type":"","overlay-color":"","overlay-opacity":"","overlay-gradient":""},"mobile":{"background-color":"var(--ast-global-color-4)","background-image":"","background-repeat":"repeat","background-position":"center center","background-size":"auto","background-attachment":"scroll","background-type":"","background-media":"","overlay-type":"","overlay-color":"","overlay-opacity":"","overlay-gradient":""}},"iawp_total_views":9,"footnotes":""},"class_list":["post-552","page","type-page","status-publish","hentry"],"yoast_head":"<!-- This site is optimized with the Yoast SEO plugin v27.5 - https:\/\/yoast.com\/product\/yoast-seo-wordpress\/ -->\n<title>Comisia Situa\u021bii Excep\u021bionale - IMSP SR C\u0103u\u0219eni<\/title>\n<meta name=\"robots\" content=\"index, follow, max-snippet:-1, max-image-preview:large, max-video-preview:-1\" \/>\n<link rel=\"canonical\" href=\"https:\/\/srcauseni.md\/?page_id=552\" \/>\n<meta property=\"og:locale\" content=\"ro_RO\" \/>\n<meta property=\"og:type\" content=\"article\" \/>\n<meta property=\"og:title\" content=\"Comisia Situa\u021bii Excep\u021bionale - IMSP SR C\u0103u\u0219eni\" \/>\n<meta property=\"og:description\" content=\"18.02.2026 DSE 6 _____________________________________________________________________________________________ 6 februarie 2026 CSE Decizia nr.5 din 06.02.2026 _____________________________________________________________________________________________ 4 februarie 2026 Decizia nr.4 CSE &nbsp;\" \/>\n<meta property=\"og:url\" content=\"https:\/\/srcauseni.md\/?page_id=552\" \/>\n<meta property=\"og:site_name\" content=\"IMSP SR C\u0103u\u0219eni\" \/>\n<meta property=\"article:modified_time\" content=\"2026-02-18T14:11:38+00:00\" \/>\n<meta name=\"twitter:card\" content=\"summary_large_image\" \/>\n<meta name=\"twitter:label1\" content=\"Timp estimat pentru citire\" \/>\n\t<meta name=\"twitter:data1\" content=\"1 minut\" \/>\n<script type=\"application\/ld+json\" class=\"yoast-schema-graph\">{\"@context\":\"https:\\\/\\\/schema.org\",\"@graph\":[{\"@type\":\"WebPage\",\"@id\":\"https:\\\/\\\/srcauseni.md\\\/?page_id=552\",\"url\":\"https:\\\/\\\/srcauseni.md\\\/?page_id=552\",\"name\":\"Comisia Situa\u021bii Excep\u021bionale - IMSP SR C\u0103u\u0219eni\",\"isPartOf\":{\"@id\":\"https:\\\/\\\/srcauseni.md\\\/#website\"},\"datePublished\":\"2026-02-04T14:48:45+00:00\",\"dateModified\":\"2026-02-18T14:11:38+00:00\",\"breadcrumb\":{\"@id\":\"https:\\\/\\\/srcauseni.md\\\/?page_id=552#breadcrumb\"},\"inLanguage\":\"ro-RO\",\"potentialAction\":[{\"@type\":\"ReadAction\",\"target\":[\"https:\\\/\\\/srcauseni.md\\\/?page_id=552\"]}]},{\"@type\":\"BreadcrumbList\",\"@id\":\"https:\\\/\\\/srcauseni.md\\\/?page_id=552#breadcrumb\",\"itemListElement\":[{\"@type\":\"ListItem\",\"position\":1,\"name\":\"Prima pagin\u0103\",\"item\":\"https:\\\/\\\/srcauseni.md\\\/\"},{\"@type\":\"ListItem\",\"position\":2,\"name\":\"Comisia Situa\u021bii Excep\u021bionale\"}]},{\"@type\":\"WebSite\",\"@id\":\"https:\\\/\\\/srcauseni.md\\\/#website\",\"url\":\"https:\\\/\\\/srcauseni.md\\\/\",\"name\":\"IMSP SR Causeni\",\"description\":\"\u00cengrijire medical\u0103 responsabil\u0103 \u0219i modern\u0103\",\"publisher\":{\"@id\":\"https:\\\/\\\/srcauseni.md\\\/#organization\"},\"potentialAction\":[{\"@type\":\"SearchAction\",\"target\":{\"@type\":\"EntryPoint\",\"urlTemplate\":\"https:\\\/\\\/srcauseni.md\\\/?s={search_term_string}\"},\"query-input\":{\"@type\":\"PropertyValueSpecification\",\"valueRequired\":true,\"valueName\":\"search_term_string\"}}],\"inLanguage\":\"ro-RO\"},{\"@type\":\"Organization\",\"@id\":\"https:\\\/\\\/srcauseni.md\\\/#organization\",\"name\":\"IMSP SR Causeni\",\"url\":\"https:\\\/\\\/srcauseni.md\\\/\",\"logo\":{\"@type\":\"ImageObject\",\"inLanguage\":\"ro-RO\",\"@id\":\"https:\\\/\\\/srcauseni.md\\\/#\\\/schema\\\/logo\\\/image\\\/\",\"url\":\"https:\\\/\\\/srcauseni.md\\\/wp-content\\\/uploads\\\/2025\\\/12\\\/logou-sr-causeni.jpg\",\"contentUrl\":\"https:\\\/\\\/srcauseni.md\\\/wp-content\\\/uploads\\\/2025\\\/12\\\/logou-sr-causeni.jpg\",\"width\":529,\"height\":528,\"caption\":\"IMSP SR Causeni\"},\"image\":{\"@id\":\"https:\\\/\\\/srcauseni.md\\\/#\\\/schema\\\/logo\\\/image\\\/\"}}]}<\/script>\n<!-- \/ Yoast SEO plugin. -->","yoast_head_json":{"title":"Comisia Situa\u021bii Excep\u021bionale - IMSP SR C\u0103u\u0219eni","robots":{"index":"index","follow":"follow","max-snippet":"max-snippet:-1","max-image-preview":"max-image-preview:large","max-video-preview":"max-video-preview:-1"},"canonical":"https:\/\/srcauseni.md\/?page_id=552","og_locale":"ro_RO","og_type":"article","og_title":"Comisia Situa\u021bii Excep\u021bionale - IMSP SR C\u0103u\u0219eni","og_description":"18.02.2026 DSE 6 _____________________________________________________________________________________________ 6 februarie 2026 CSE Decizia nr.5 din 06.02.2026 _____________________________________________________________________________________________ 4 februarie 2026 Decizia nr.4 CSE &nbsp;","og_url":"https:\/\/srcauseni.md\/?page_id=552","og_site_name":"IMSP SR C\u0103u\u0219eni","article_modified_time":"2026-02-18T14:11:38+00:00","twitter_card":"summary_large_image","twitter_misc":{"Timp estimat pentru citire":"1 minut"},"schema":{"@context":"https:\/\/schema.org","@graph":[{"@type":"WebPage","@id":"https:\/\/srcauseni.md\/?page_id=552","url":"https:\/\/srcauseni.md\/?page_id=552","name":"Comisia Situa\u021bii Excep\u021bionale - IMSP SR C\u0103u\u0219eni","isPartOf":{"@id":"https:\/\/srcauseni.md\/#website"},"datePublished":"2026-02-04T14:48:45+00:00","dateModified":"2026-02-18T14:11:38+00:00","breadcrumb":{"@id":"https:\/\/srcauseni.md\/?page_id=552#breadcrumb"},"inLanguage":"ro-RO","potentialAction":[{"@type":"ReadAction","target":["https:\/\/srcauseni.md\/?page_id=552"]}]},{"@type":"BreadcrumbList","@id":"https:\/\/srcauseni.md\/?page_id=552#breadcrumb","itemListElement":[{"@type":"ListItem","position":1,"name":"Prima pagin\u0103","item":"https:\/\/srcauseni.md\/"},{"@type":"ListItem","position":2,"name":"Comisia Situa\u021bii Excep\u021bionale"}]},{"@type":"WebSite","@id":"https:\/\/srcauseni.md\/#website","url":"https:\/\/srcauseni.md\/","name":"IMSP SR Causeni","description":"\u00cengrijire medical\u0103 responsabil\u0103 \u0219i modern\u0103","publisher":{"@id":"https:\/\/srcauseni.md\/#organization"},"potentialAction":[{"@type":"SearchAction","target":{"@type":"EntryPoint","urlTemplate":"https:\/\/srcauseni.md\/?s={search_term_string}"},"query-input":{"@type":"PropertyValueSpecification","valueRequired":true,"valueName":"search_term_string"}}],"inLanguage":"ro-RO"},{"@type":"Organization","@id":"https:\/\/srcauseni.md\/#organization","name":"IMSP SR Causeni","url":"https:\/\/srcauseni.md\/","logo":{"@type":"ImageObject","inLanguage":"ro-RO","@id":"https:\/\/srcauseni.md\/#\/schema\/logo\/image\/","url":"https:\/\/srcauseni.md\/wp-content\/uploads\/2025\/12\/logou-sr-causeni.jpg","contentUrl":"https:\/\/srcauseni.md\/wp-content\/uploads\/2025\/12\/logou-sr-causeni.jpg","width":529,"height":528,"caption":"IMSP SR Causeni"},"image":{"@id":"https:\/\/srcauseni.md\/#\/schema\/logo\/image\/"}}]}},"_links":{"self":[{"href":"https:\/\/srcauseni.md\/index.php?rest_route=\/wp\/v2\/pages\/552","targetHints":{"allow":["GET"]}}],"collection":[{"href":"https:\/\/srcauseni.md\/index.php?rest_route=\/wp\/v2\/pages"}],"about":[{"href":"https:\/\/srcauseni.md\/index.php?rest_route=\/wp\/v2\/types\/page"}],"author":[{"embeddable":true,"href":"https:\/\/srcauseni.md\/index.php?rest_route=\/wp\/v2\/users\/1"}],"replies":[{"embeddable":true,"href":"https:\/\/srcauseni.md\/index.php?rest_route=%2Fwp%2Fv2%2Fcomments&post=552"}],"version-history":[{"count":5,"href":"https:\/\/srcauseni.md\/index.php?rest_route=\/wp\/v2\/pages\/552\/revisions"}],"predecessor-version":[{"id":590,"href":"https:\/\/srcauseni.md\/index.php?rest_route=\/wp\/v2\/pages\/552\/revisions\/590"}],"wp:attachment":[{"href":"https:\/\/srcauseni.md\/index.php?rest_route=%2Fwp%2Fv2%2Fmedia&parent=552"}],"curies":[{"name":"wp","href":"https:\/\/api.w.org\/{rel}","templated":true}]}}